{"id":209,"date":"2023-01-18T02:04:52","date_gmt":"2023-01-18T01:04:52","guid":{"rendered":"https:\/\/techview.agency\/haiti\/?page_id=209"},"modified":"2026-03-08T21:29:18","modified_gmt":"2026-03-08T20:29:18","slug":"kontak","status":"publish","type":"page","link":"https:\/\/techview.agency\/haiti\/index.php\/kontak\/","title":{"rendered":"Kontak"},"content":{"rendered":"<!--themify_builder_content-->\n<div id=\"themify_builder_content-209\" data-postid=\"209\" class=\"themify_builder_content themify_builder_content-209 themify_builder tf_clear\">\n                    <div  data-lazy=\"1\" class=\"module_row themify_builder_row tb_dtp2144 tb_first tf_w\">\n            <span  class=\"builder_row_cover tf_abs\" data-lazy=\"1\"><\/span><span class=\"tb_row_frame_wrap tf_overflow tf_abs\" data-lazy=\"1\"><span class=\"tb_row_frame tb_row_frame_bottom  tf_abs tf_hide tf_overflow tf_w\"><\/span><\/span>            <div class=\"row_inner col_align_top tb_col_count_2 tf_box tf_rel\">\n                        <div  data-lazy=\"1\" class=\"module_column tb-column col4-2 tb_ifjk144 first\">\n                    <!-- module text -->\n<div  class=\"module module-text tb_0uwd144   \" data-lazy=\"1\">\n        <div  class=\"tb_text_wrap\">\n        <h1>VENEZ DISCUTER !<\/h1>\n<p><span style=\"color: #000000;\">Nous cr\u00e9ons des sites, des solutions web pour les \u00e9coles, des syst\u00e8mes de paiement \u00e0 partir de Mon Cash et bien plus encore&#8230;..<\/span><\/p>\n    <\/div>\n<\/div>\n<!-- \/module text -->        <\/div>\n                    <div  data-lazy=\"1\" class=\"module_column tb-column col4-2 tb_ypm3159 last\">\n                            <\/div>\n                        <\/div>\n        <\/div>\n                        <div  data-lazy=\"1\" class=\"module_row themify_builder_row tb_ptlk145 tf_w\">\n                        <div class=\"row_inner col_align_top tb_col_count_1 tf_box tf_rel\">\n                        <div  data-lazy=\"1\" class=\"module_column tb-column col-full tb_pwnb145 first\">\n                    <!-- module text -->\n<div  class=\"module module-text tb_uw65145   \" data-lazy=\"1\">\n        <div  class=\"tb_text_wrap\">\n        <h2>Demande de devis<\/h2>\n<p>D\u00e9veloppement web \u00b7 Site Ecommerce \u00b7 Site vitrine Ergonomie \u00b7 Transformation digitale \u00b7 Accompagnement num\u00e9rique.<\/p>\n    <\/div>\n<\/div>\n<!-- \/module text --><!-- module text -->\n<div  class=\"module module-text tb_abji250   \" data-lazy=\"1\">\n        <div  class=\"tb_text_wrap\">\n        <div class=\"wpforms-container wpforms-container-full\" id=\"wpforms-355\"><form id=\"wpforms-form-355\" class=\"wpforms-validate wpforms-form wpforms-ajax-form\" data-formid=\"355\" method=\"post\" enctype=\"multipart\/form-data\" action=\"\/haiti\/index.php\/wp-json\/wp\/v2\/pages\/209\" data-token=\"eb2070214b7c8ee79966f12a9c519798\" data-token-time=\"1776422908\"><noscript class=\"wpforms-error-noscript\">Please enable JavaScript in your browser to complete this form.<\/noscript><div class=\"wpforms-field-container\"><div id=\"wpforms-355-field_0-container\" class=\"wpforms-field wpforms-field-name\" data-field-id=\"0\"><label class=\"wpforms-field-label\" for=\"wpforms-355-field_0\">Non konpl\u00e8 <span class=\"wpforms-required-label\">*<\/span><\/label><input type=\"text\" id=\"wpforms-355-field_0\" class=\"wpforms-field-medium wpforms-field-required\" name=\"wpforms[fields][0]\" required><\/div><div id=\"wpforms-355-field_3-container\" class=\"wpforms-field wpforms-field-text\" data-field-id=\"3\"><label class=\"wpforms-field-label\" for=\"wpforms-355-field_3\">Non biznis \/ antrepriz (si genyen) :<\/label><input type=\"text\" id=\"wpforms-355-field_3\" class=\"wpforms-field-medium\" name=\"wpforms[fields][3]\" ><\/div><div id=\"wpforms-355-field_4-container\" class=\"wpforms-field wpforms-field-number\" data-field-id=\"4\"><label class=\"wpforms-field-label\" for=\"wpforms-355-field_4\">Telef\u00f2n \/ WhatsApp :<\/label><input type=\"number\" id=\"wpforms-355-field_4\" class=\"wpforms-field-medium\" name=\"wpforms[fields][4]\" ><\/div><div id=\"wpforms-355-field_1-container\" class=\"wpforms-field wpforms-field-email\" data-field-id=\"1\"><label class=\"wpforms-field-label\" for=\"wpforms-355-field_1\">Email <span class=\"wpforms-required-label\">*<\/span><\/label><input type=\"email\" id=\"wpforms-355-field_1\" class=\"wpforms-field-medium wpforms-field-required\" name=\"wpforms[fields][1]\" spellcheck=\"false\" required><\/div><div id=\"wpforms-355-field_5-container\" class=\"wpforms-field wpforms-field-checkbox\" data-field-id=\"5\"><label class=\"wpforms-field-label\" for=\"wpforms-355-field_5\">Ki s\u00e8vis wap bezwen ?<\/label><ul id=\"wpforms-355-field_5\"><li class=\"choice-1 depth-1\"><input type=\"checkbox\" id=\"wpforms-355-field_5_1\" name=\"wpforms[fields][5][]\" value=\"Kreye yon sit ent\u00e8n\u00e8t\"  ><label class=\"wpforms-field-label-inline\" for=\"wpforms-355-field_5_1\">Kreye yon sit ent\u00e8n\u00e8t<\/label><\/li><li class=\"choice-2 depth-1\"><input type=\"checkbox\" id=\"wpforms-355-field_5_2\" name=\"wpforms[fields][5][]\" value=\"Kreye yon boutik e-commerce\"  ><label class=\"wpforms-field-label-inline\" for=\"wpforms-355-field_5_2\">Kreye yon boutik e-commerce<\/label><\/li><li class=\"choice-3 depth-1\"><input type=\"checkbox\" id=\"wpforms-355-field_5_3\" name=\"wpforms[fields][5][]\" value=\"Piblisite Facebook \/ Instagram\"  ><label class=\"wpforms-field-label-inline\" for=\"wpforms-355-field_5_3\">Piblisite Facebook \/ Instagram<\/label><\/li><li class=\"choice-4 depth-1\"><input type=\"checkbox\" id=\"wpforms-355-field_5_4\" name=\"wpforms[fields][5][]\" value=\"SEO (f\u00e8 sit ou par\u00e8t sou Google)\"  ><label class=\"wpforms-field-label-inline\" for=\"wpforms-355-field_5_4\">SEO (f\u00e8 sit ou par\u00e8t sou Google)<\/label><\/li><li class=\"choice-5 depth-1\"><input type=\"checkbox\" id=\"wpforms-355-field_5_5\" name=\"wpforms[fields][5][]\" value=\"Integrasyon Sist\u00e8m peman (Mon Cash \/ Visa \/ Mastercard)\"  ><label class=\"wpforms-field-label-inline\" for=\"wpforms-355-field_5_5\">Integrasyon Sist\u00e8m peman (Mon Cash \/ Visa \/ Mastercard)<\/label><\/li><\/ul><\/div><div id=\"wpforms-355-field_2-container\" class=\"wpforms-field wpforms-field-textarea\" data-field-id=\"2\"><label class=\"wpforms-field-label\" for=\"wpforms-355-field_2\">Ekri nou sou l\u00f2t detay sou pwoj\u00e8 a<\/label><textarea id=\"wpforms-355-field_2\" class=\"wpforms-field-medium\" name=\"wpforms[fields][2]\" ><\/textarea><\/div><div id=\"wpforms-355-field_6-container\" class=\"wpforms-field wpforms-field-select wpforms-field-select-style-classic\" data-field-id=\"6\"><label class=\"wpforms-field-label\" for=\"wpforms-355-field_6\">Kil\u00e8 ou ta renmen k\u00f2manse pwoj\u00e8 a ?<\/label><select id=\"wpforms-355-field_6\" class=\"wpforms-field-medium\" name=\"wpforms[fields][6]\"><option value=\"Imedyatman\" >Imedyatman<\/option><option value=\"Nan 1 mwa\" >Nan 1 mwa<\/option><option value=\"Nan 2\u20133 mwa\" >Nan 2\u20133 mwa<\/option><\/select><\/div><\/div><!-- .wpforms-field-container --><div class=\"wpforms-submit-container\" ><input type=\"hidden\" name=\"wpforms[id]\" value=\"355\"><input type=\"hidden\" name=\"page_title\" value=\"\"><input type=\"hidden\" name=\"page_url\" value=\"https:\/\/techview.agency\/haiti\/index.php\/wp-json\/wp\/v2\/pages\/209\"><button type=\"submit\" name=\"wpforms[submit]\" id=\"wpforms-submit-355\" class=\"wpforms-submit\" data-alt-text=\"Envoyer...\" data-submit-text=\"Envoyer\" aria-live=\"assertive\" value=\"wpforms-submit\">Envoyer<\/button><img loading=\"lazy\" decoding=\"async\" src=\"https:\/\/techview.agency\/haiti\/wp-content\/plugins\/wpforms-lite\/assets\/images\/submit-spin.svg\" class=\"wpforms-submit-spinner\" style=\"display: none;\" width=\"26\" height=\"26\" alt=\"Loading\"><\/div><\/form><\/div>  <!-- .wpforms-container -->    <\/div>\n<\/div>\n<!-- \/module text -->        <\/div>\n                        <\/div>\n        <\/div>\n                        <div  data-css_id=\"6ru9147\" data-lazy=\"1\" class=\"module_row themify_builder_row fullwidth tb_6ru9147 tf_w\">\n                        <div class=\"row_inner col_align_top tb_col_count_1 tf_box tf_rel\">\n                        <div  data-lazy=\"1\" class=\"module_column tb-column col-full tb_mm2a147 first\">\n                    <!-- module image -->\n<div  class=\"module module-image tb_mx76147 image-top   auto_fullwidth tf_mw\" data-lazy=\"1\">\n        <div class=\"image-wrap tf_rel tf_mw\">\n            <img loading=\"lazy\" decoding=\"async\" width=\"1171\" height=\"466\" src=\"https:\/\/techview.agency\/haiti\/wp-content\/uploads\/2023\/01\/map-haiti-siteweb.png\" class=\"wp-post-image wp-image-220\" title=\"map-haiti-siteweb\" alt=\"map-haiti-siteweb\" srcset=\"https:\/\/techview.agency\/haiti\/wp-content\/uploads\/2023\/01\/map-haiti-siteweb.png 1171w, https:\/\/techview.agency\/haiti\/wp-content\/uploads\/2023\/01\/map-haiti-siteweb-300x119.png 300w, https:\/\/techview.agency\/haiti\/wp-content\/uploads\/2023\/01\/map-haiti-siteweb-1024x408.png 1024w, https:\/\/techview.agency\/haiti\/wp-content\/uploads\/2023\/01\/map-haiti-siteweb-768x306.png 768w\" sizes=\"auto, (max-width: 1171px) 100vw, 1171px\" \/>    \n        <\/div>\n    <!-- \/image-wrap -->\n    \n        <\/div>\n<!-- \/module image -->        <\/div>\n                        <\/div>\n        <\/div>\n        <\/div>\n<!--\/themify_builder_content-->","protected":false},"excerpt":{"rendered":"<p>VENEZ DISCUTER ! Nous cr\u00e9ons des sites, des solutions web pour les \u00e9coles, des syst\u00e8mes de paiement \u00e0 partir de Mon Cash et bien plus encore&#8230;..<\/p>\n","protected":false},"author":1,"featured_media":0,"parent":0,"menu_order":0,"comment_status":"closed","ping_status":"closed","template":"","meta":{"content-type":"","footnotes":""},"class_list":["post-209","page","type-page","status-publish","hentry","has-post-title","has-post-date","has-post-category","has-post-tag","has-post-comment","has-post-author",""],"builder_content":"<h1>VENEZ DISCUTER !<\/h1> <p>Nous cr\u00e9ons des sites, des solutions web pour les \u00e9coles, des syst\u00e8mes de paiement \u00e0 partir de Mon Cash et bien plus encore.....<\/p>\n<h2>Demande de devis<\/h2> <p>D\u00e9veloppement web \u00b7 Site Ecommerce \u00b7 Site vitrine Ergonomie \u00b7 Transformation digitale \u00b7 Accompagnement num\u00e9rique.<\/p>\n<p>[wpforms id=\"355\" title=\"false\"]<\/p>\n<img src=\"https:\/\/techview.agency\/haiti\/wp-content\/uploads\/2023\/01\/map-haiti-siteweb.png\" title=\"map-haiti-siteweb\" alt=\"map-haiti-siteweb\" srcset=\"https:\/\/techview.agency\/haiti\/wp-content\/uploads\/2023\/01\/map-haiti-siteweb.png 1171w, https:\/\/techview.agency\/haiti\/wp-content\/uploads\/2023\/01\/map-haiti-siteweb-300x119.png 300w, https:\/\/techview.agency\/haiti\/wp-content\/uploads\/2023\/01\/map-haiti-siteweb-1024x408.png 1024w, https:\/\/techview.agency\/haiti\/wp-content\/uploads\/2023\/01\/map-haiti-siteweb-768x306.png 768w\" sizes=\"(max-width: 1171px) 100vw, 1171px\" \/>","_links":{"self":[{"href":"https:\/\/techview.agency\/haiti\/index.php\/wp-json\/wp\/v2\/pages\/209","targetHints":{"allow":["GET"]}}],"collection":[{"href":"https:\/\/techview.agency\/haiti\/index.php\/wp-json\/wp\/v2\/pages"}],"about":[{"href":"https:\/\/techview.agency\/haiti\/index.php\/wp-json\/wp\/v2\/types\/page"}],"author":[{"embeddable":true,"href":"https:\/\/techview.agency\/haiti\/index.php\/wp-json\/wp\/v2\/users\/1"}],"replies":[{"embeddable":true,"href":"https:\/\/techview.agency\/haiti\/index.php\/wp-json\/wp\/v2\/comments?post=209"}],"version-history":[{"count":23,"href":"https:\/\/techview.agency\/haiti\/index.php\/wp-json\/wp\/v2\/pages\/209\/revisions"}],"predecessor-version":[{"id":366,"href":"https:\/\/techview.agency\/haiti\/index.php\/wp-json\/wp\/v2\/pages\/209\/revisions\/366"}],"wp:attachment":[{"href":"https:\/\/techview.agency\/haiti\/index.php\/wp-json\/wp\/v2\/media?parent=209"}],"curies":[{"name":"wp","href":"https:\/\/api.w.org\/{rel}","templated":true}]}}