{"id":28,"date":"2016-02-23T19:02:38","date_gmt":"2016-02-23T19:02:38","guid":{"rendered":"https:\/\/themify.me\/demo\/themes\/simple\/?page_id=154"},"modified":"2023-01-19T16:43:43","modified_gmt":"2023-01-19T15:43:43","slug":"about","status":"publish","type":"page","link":"https:\/\/techview.agency\/haiti\/index.php\/about\/","title":{"rendered":"A Propos"},"content":{"rendered":"<p><\/p>\n<!--themify_builder_content-->\n<div id=\"themify_builder_content-28\" data-postid=\"28\" class=\"themify_builder_content themify_builder_content-28 themify_builder tf_clear\">\n                    <div  data-lazy=\"1\" class=\"module_row themify_builder_row tb_2sr0955 tb_first tf_w\">\n                        <div class=\"row_inner col_align_top tb_col_count_1 tf_box tf_rel\">\n                        <div  data-lazy=\"1\" class=\"module_column tb-column col-full tb_0ktp958 first\">\n                    <!-- module text -->\n<div  class=\"module module-text tb_x1yv959  repeat \" data-lazy=\"1\">\n        <div  class=\"tb_text_wrap\">\n        <p><span style=\"font-weight: 400;\">Techview Haiti offre des services de cr\u00e9ation de sites internet professionnels uniques et des fonctionnalit\u00e9s sur mesure pour r\u00e9pondre aux besoins sp\u00e9cifiques de chaque client. Nous utilisons les derni\u00e8res technologies pour garantir une exp\u00e9rience utilisateur optimale sur tous les appareils. Nous proposons \u00e9galement des services de r\u00e9f\u00e9rencement naturel pour am\u00e9liorer la visibilit\u00e9 de votre site sur les moteurs de recherche. Faites confiance \u00e0 notre \u00e9quipe exp\u00e9riment\u00e9e pour cr\u00e9er le site web de vos r\u00eavesssionnels et performants. Nous travaillons avec des designs\u00a0<\/span><\/p>    <\/div>\n<\/div>\n<!-- \/module text --><!-- module buttons -->\n<div  class=\"module module-buttons tb_aj4i158 buttons-horizontal solid  large circle\" data-lazy=\"1\">\n        <div class=\"module-buttons-item tf_in_flx\">\n                        <a href=\"https:\/\/techview.agency\/haiti\/index.php\/kontak\" class=\"ui builder_button tf_in_flx green\" >\n                                                Contactez-nous                                        <\/a>\n                <\/div>\n            <\/div>\n<!-- \/module buttons -->\n        <\/div>\n                        <\/div>\n        <\/div>\n                        <div  data-lazy=\"1\" class=\"module_row themify_builder_row tb_tcth955 tf_w\">\n                        <div class=\"row_inner col_align_top tb_col_count_1 tf_box tf_rel\">\n                        <div  data-lazy=\"1\" class=\"module_column tb-column col-full tb_53je963 first\">\n                            <div  data-lazy=\"1\" class=\"module_subrow themify_builder_sub_row tf_w col_align_middle tb_col_count_2 tb_to2z963\">\n                <div  data-lazy=\"1\" class=\"module_column sub_column col4-2 tb_aa7y964 first\">\n                    <!-- module image -->\n<div  class=\"module module-image tb_tbxy964 image-center   tf_mw wow\" data-tf-animation=\"fadeIn\" data-lazy=\"1\">\n        <div class=\"image-wrap tf_rel tf_mw\">\n            <img loading=\"lazy\" decoding=\"async\" width=\"539\" height=\"193\" src=\"https:\/\/techview.agency\/haiti\/wp-content\/uploads\/2023\/01\/logo-techview-haiti.png\" class=\"wp-post-image wp-image-133\" title=\"logo-techview-haiti\" alt=\"logo-techview-haiti\" srcset=\"https:\/\/techview.agency\/haiti\/wp-content\/uploads\/2023\/01\/logo-techview-haiti.png 539w, https:\/\/techview.agency\/haiti\/wp-content\/uploads\/2023\/01\/logo-techview-haiti-300x107.png 300w\" sizes=\"auto, (max-width: 539px) 100vw, 539px\" \/>    \n        <\/div>\n    <!-- \/image-wrap -->\n    \n        <\/div>\n<!-- \/module image -->        <\/div>\n                    <div  data-lazy=\"1\" class=\"module_column sub_column col4-2 tb_bq67964 last\">\n                    <!-- module text -->\n<div  class=\"module module-text tb_ageg964   \" data-lazy=\"1\">\n        <div  class=\"tb_text_wrap\">\n        <h3 style=\"text-align: left;\">\nCR\u00c9ATION DE SITE INTERNET \u2013 R\u00c9F\u00c9RENCEMENT SEO \u2013 STRAT\u00c9GIE DIGITALE <\/h3>\n<p style=\"text-align: left;\">Top des Meilleures Agences Web en Haiti.<\/p>\n    <\/div>\n<\/div>\n<!-- \/module text -->        <\/div>\n                    <\/div>\n                <\/div>\n                        <\/div>\n        <\/div>\n                        <div  data-lazy=\"1\" class=\"module_row themify_builder_row tb_ay2v39 tf_w\">\n                        <div class=\"row_inner col_align_top tb_col_count_1 tf_box tf_rel\">\n                        <div  data-lazy=\"1\" class=\"module_column tb-column col-full tb_24rg40 first\">\n                    <!-- module plain text -->\n<div  class=\"module module-plain-text tb_qcmr750 \" data-lazy=\"1\">\n        <div class=\"tb_text_wrap\">\n        <\/div>\n<\/div>\n<!-- \/module plain text -->        <\/div>\n                        <\/div>\n        <\/div>\n        <\/div>\n<!--\/themify_builder_content-->","protected":false},"excerpt":{"rendered":"<p>Techview Haiti offre des services de cr\u00e9ation de sites internet professionnels uniques et des fonctionnalit\u00e9s sur mesure pour r\u00e9pondre aux besoins sp\u00e9cifiques de chaque client. Nous utilisons les derni\u00e8res technologies pour garantir une exp\u00e9rience utilisateur optimale sur tous les appareils. Nous proposons \u00e9galement des services de r\u00e9f\u00e9rencement naturel pour am\u00e9liorer la visibilit\u00e9 de votre site [&hellip;]<\/p>\n","protected":false},"author":1,"featured_media":0,"parent":0,"menu_order":0,"comment_status":"closed","ping_status":"closed","template":"","meta":{"content-type":"","footnotes":""},"class_list":["post-28","page","type-page","status-publish","hentry","has-post-title","has-post-date","has-post-category","has-post-tag","has-post-comment","has-post-author",""],"builder_content":"<p>Techview Haiti offre des services de cr\u00e9ation de sites internet professionnels uniques et des fonctionnalit\u00e9s sur mesure pour r\u00e9pondre aux besoins sp\u00e9cifiques de chaque client. Nous utilisons les derni\u00e8res technologies pour garantir une exp\u00e9rience utilisateur optimale sur tous les appareils. Nous proposons \u00e9galement des services de r\u00e9f\u00e9rencement naturel pour am\u00e9liorer la visibilit\u00e9 de votre site sur les moteurs de recherche. Faites confiance \u00e0 notre \u00e9quipe exp\u00e9riment\u00e9e pour cr\u00e9er le site web de vos r\u00eavesssionnels et performants. Nous travaillons avec des designs\u00a0<\/p>\n<a href=\"https:\/\/techview.agency\/haiti\/index.php\/kontak\" > Contactez-nous <\/a>\n<img src=\"https:\/\/techview.agency\/haiti\/wp-content\/uploads\/2023\/01\/logo-techview-haiti.png\" title=\"logo-techview-haiti\" alt=\"logo-techview-haiti\" srcset=\"https:\/\/techview.agency\/haiti\/wp-content\/uploads\/2023\/01\/logo-techview-haiti.png 539w, https:\/\/techview.agency\/haiti\/wp-content\/uploads\/2023\/01\/logo-techview-haiti-300x107.png 300w\" sizes=\"(max-width: 539px) 100vw, 539px\" \/>\n<h3 style=\"text-align: left;\"> CR\u00c9ATION DE SITE INTERNET \u2013 R\u00c9F\u00c9RENCEMENT SEO \u2013 STRAT\u00c9GIE DIGITALE <\/h3> <p style=\"text-align: left;\">Top des Meilleures Agences Web en Haiti.<\/p>\n","_links":{"self":[{"href":"https:\/\/techview.agency\/haiti\/index.php\/wp-json\/wp\/v2\/pages\/28","targetHints":{"allow":["GET"]}}],"collection":[{"href":"https:\/\/techview.agency\/haiti\/index.php\/wp-json\/wp\/v2\/pages"}],"about":[{"href":"https:\/\/techview.agency\/haiti\/index.php\/wp-json\/wp\/v2\/types\/page"}],"author":[{"embeddable":true,"href":"https:\/\/techview.agency\/haiti\/index.php\/wp-json\/wp\/v2\/users\/1"}],"replies":[{"embeddable":true,"href":"https:\/\/techview.agency\/haiti\/index.php\/wp-json\/wp\/v2\/comments?post=28"}],"version-history":[{"count":10,"href":"https:\/\/techview.agency\/haiti\/index.php\/wp-json\/wp\/v2\/pages\/28\/revisions"}],"predecessor-version":[{"id":233,"href":"https:\/\/techview.agency\/haiti\/index.php\/wp-json\/wp\/v2\/pages\/28\/revisions\/233"}],"wp:attachment":[{"href":"https:\/\/techview.agency\/haiti\/index.php\/wp-json\/wp\/v2\/media?parent=28"}],"curies":[{"name":"wp","href":"https:\/\/api.w.org\/{rel}","templated":true}]}}