{"id":12,"date":"2017-06-09T22:10:48","date_gmt":"2017-06-09T22:10:48","guid":{"rendered":"http:\/\/themes.axilweb.com\/wp\/cynic\/modern-big-digital-agency\/?page_id=12"},"modified":"2023-04-02T18:21:40","modified_gmt":"2023-04-02T16:21:40","slug":"privacy-policy","status":"publish","type":"page","link":"https:\/\/techview.agency\/index.php\/privacy-policy\/","title":{"rendered":"Privacy Policy"},"content":{"rendered":"<p>[vc_row][vc_column el_class=&#8221;bg-white privecy-content&#8221;][vc_column_text]<strong>Politique de confidentialit\u00e9 de notre agence web<\/strong><\/p>\n<p class=\"regular-text\">Chez Techview Agency , nous prenons tr\u00e8s au s\u00e9rieux la confidentialit\u00e9 des donn\u00e9es de nos clients et des visiteurs de notre site web. Nous nous engageons \u00e0 prot\u00e9ger vos informations personnelles et \u00e0 respecter votre vie priv\u00e9e. Cette politique de confidentialit\u00e9 d\u00e9crit les types d&#8217;informations que nous collectons, comment nous les utilisons et les prot\u00e9geons, ainsi que les choix dont vous disposez en mati\u00e8re de collecte et d&#8217;utilisation de ces informations.<\/p>\n<h3>Collecte d&#8217;informations<\/h3>\n<p class=\"regular-text\">Nous collectons des informations lorsque vous visitez notre site web ou lorsque vous nous contactez pour discuter de nos services. Les informations que nous collectons peuvent inclure votre nom, votre adresse e-mail, votre num\u00e9ro de t\u00e9l\u00e9phone et toute autre information que vous choisissez de nous fournir.<\/p>\n<p>Nous utilisons \u00e9galement des cookies et des technologies similaires pour collecter des informations sur l&#8217;utilisation de notre site web. Les cookies sont des fichiers texte qui sont stock\u00e9s sur votre ordinateur lorsque vous visitez un site web. Les informations que nous collectons gr\u00e2ce aux cookies peuvent inclure votre adresse IP, le type de navigateur que vous utilisez, les pages que vous visitez et les liens que vous cliquez.<\/p>\n<h3>Utilisation des informations<\/h3>\n<p class=\"regular-text\">Nous utilisons les informations que nous collectons pour am\u00e9liorer notre site web et nos services, r\u00e9pondre \u00e0 vos demandes, communiquer avec vous au sujet de nos services et vous envoyer des informations sur nos offres et promotions. Nous pouvons \u00e9galement utiliser les informations que nous collectons pour personnaliser votre exp\u00e9rience sur notre site web.<\/p>\n<p>Nous ne partagerons pas vos informations personnelles avec des tiers sans votre consentement, sauf si la loi nous y oblige.<\/p>\n<h3>Protection des informations<\/h3>\n<p class=\"regular-text\">Nous prenons des mesures de s\u00e9curit\u00e9 raisonnables pour prot\u00e9ger les informations que nous collectons contre la perte, l&#8217;utilisation abusive, l&#8217;acc\u00e8s non autoris\u00e9, la divulgation, la modification ou la destruction.<\/p>\n<h3>Choix et contr\u00f4le<\/h3>\n<p class=\"regular-text\">Vous avez le choix de nous fournir ou non vos informations personnelles. Vous pouvez \u00e9galement choisir de d\u00e9sactiver les cookies dans votre navigateur. Cependant, veuillez noter que certaines fonctionnalit\u00e9s de notre site web peuvent ne pas fonctionner correctement si les cookies sont d\u00e9sactiv\u00e9s.<\/p>\n<p>Si vous ne souhaitez plus recevoir de communications de notre part, vous pouvez vous d\u00e9sabonner en suivant les instructions figurant dans nos e-mails ou en nous contactant directement.<\/p>\n<h3>Mise \u00e0 jour de la politique de confidentialit\u00e9<\/h3>\n<p class=\"regular-text\">Nous pouvons mettre \u00e0 jour cette politique de confidentialit\u00e9 de temps \u00e0 autre. Nous vous encourageons \u00e0 consulter r\u00e9guli\u00e8rement cette page pour vous tenir inform\u00e9 des changements \u00e9ventuels.<\/p>\n<p><strong>Nous contacter<\/strong><\/p>\n<p>Si vous avez des questions ou des pr\u00e9occupations concernant notre politique de confidentialit\u00e9, veuillez nous contacter \u00e0 l&#8217;adresse suivante : info@techview.agency[\/vc_column_text][\/vc_column][\/vc_row]<\/p>\n","protected":false},"excerpt":{"rendered":"<p>[vc_row][vc_column el_class=&#8221;bg-white privecy-content&#8221;][vc_column_text]Politique de confidentialit\u00e9 de notre agence web Chez Techview Agency , nous prenons tr\u00e8s au s\u00e9rieux la confidentialit\u00e9 des donn\u00e9es de nos clients et des visiteurs de notre site web. Nous nous engageons \u00e0 prot\u00e9ger vos informations personnelles et \u00e0 respecter votre vie priv\u00e9e. Cette politique de confidentialit\u00e9 d\u00e9crit les types d&#8217;informations que<\/p>\n","protected":false},"author":1,"featured_media":0,"parent":0,"menu_order":0,"comment_status":"closed","ping_status":"closed","template":"template-modernpage.php","meta":{"footnotes":""},"class_list":["post-12","page","type-page","status-publish","hentry"],"_links":{"self":[{"href":"https:\/\/techview.agency\/index.php\/wp-json\/wp\/v2\/pages\/12","targetHints":{"allow":["GET"]}}],"collection":[{"href":"https:\/\/techview.agency\/index.php\/wp-json\/wp\/v2\/pages"}],"about":[{"href":"https:\/\/techview.agency\/index.php\/wp-json\/wp\/v2\/types\/page"}],"author":[{"embeddable":true,"href":"https:\/\/techview.agency\/index.php\/wp-json\/wp\/v2\/users\/1"}],"replies":[{"embeddable":true,"href":"https:\/\/techview.agency\/index.php\/wp-json\/wp\/v2\/comments?post=12"}],"version-history":[{"count":1,"href":"https:\/\/techview.agency\/index.php\/wp-json\/wp\/v2\/pages\/12\/revisions"}],"predecessor-version":[{"id":3016,"href":"https:\/\/techview.agency\/index.php\/wp-json\/wp\/v2\/pages\/12\/revisions\/3016"}],"wp:attachment":[{"href":"https:\/\/techview.agency\/index.php\/wp-json\/wp\/v2\/media?parent=12"}],"curies":[{"name":"wp","href":"https:\/\/api.w.org\/{rel}","templated":true}]}}